{"id":5929,"date":"2020-10-22T11:46:05","date_gmt":"2020-10-22T09:46:05","guid":{"rendered":"https:\/\/www.groupegendreau.com\/la-belle-alliance\/"},"modified":"2021-11-17T14:52:03","modified_gmt":"2021-11-17T13:52:03","slug":"la-belle-alliance","status":"publish","type":"page","link":"https:\/\/www.groupegendreau.com\/en\/les-societes-du-groupe\/la-belle-alliance\/","title":{"rendered":"La Belle Alliance"},"content":{"rendered":"<div class=\"fusion-fullwidth fullwidth-box fusion-builder-row-1 fusion-flex-container nocover nonhundred-percent-fullwidth non-hundred-percent-height-scrolling\" style=\"background-color: rgba(255,255,255,0);background-position: right bottom;background-repeat: no-repeat;border-width: 0px 0px 0px 0px;border-color:#e2e2e2;border-style:solid;\" ><div class=\"fusion-builder-row fusion-row fusion-flex-align-items-center\" style=\"max-width:1284.4px;margin-left: calc(-4% \/ 2 );margin-right: calc(-4% \/ 2 );\"><div class=\"fusion-layout-column fusion_builder_column fusion-builder-column-0 fusion_builder_column_1_3 1_3 fusion-flex-column fusion-animated\" data-animationType=\"fadeInLeft\" data-animationDuration=\"1.0\" data-animationOffset=\"top-into-view\"><div class=\"fusion-column-wrapper fusion-flex-justify-content-flex-start fusion-content-layout-column\" style=\"background-position:left top;background-repeat:no-repeat;-webkit-background-size:cover;-moz-background-size:cover;-o-background-size:cover;background-size:cover;padding: 0px 0px 0px 0px;\"><div ><span class=\" fusion-imageframe imageframe-none imageframe-1 hover-type-none\"><img decoding=\"async\" width=\"1920\" height=\"2560\" title=\"IMG_20201015_153435\" src=\"https:\/\/www.groupegendreau.com\/wp-content\/uploads\/2020\/11\/IMG_20201015_153435-scaled-e1609406437841.jpg\" class=\"img-responsive wp-image-4341\"\/><\/span><\/div><\/div><style type=\"text\/css\">.fusion-body .fusion-builder-column-0{width:33.333333333333% !important;margin-top : 0px;margin-bottom : 20px;}.fusion-builder-column-0 > .fusion-column-wrapper {padding-top : 0px !important;padding-right : 0px !important;margin-right : 5.76%;padding-bottom : 0px !important;padding-left : 0px !important;margin-left : 5.76%;}@media only screen and (max-width:1024px) {.fusion-body .fusion-builder-column-0{width:33.333333333333% !important;order : 0;}.fusion-builder-column-0 > .fusion-column-wrapper {margin-right : 5.76%;margin-left : 5.76%;}}@media only screen and (max-width:640px) {.fusion-body .fusion-builder-column-0{width:100% !important;order : 0;}.fusion-builder-column-0 > .fusion-column-wrapper {margin-right : 1.92%;margin-left : 1.92%;}}<\/style><\/div><div class=\"fusion-layout-column fusion_builder_column fusion-builder-column-1 fusion_builder_column_2_3 2_3 fusion-flex-column fusion-animated\" data-animationType=\"fadeInRight\" data-animationDuration=\"1.0\" data-animationOffset=\"top-into-view\"><div class=\"fusion-column-wrapper fusion-flex-justify-content-flex-start fusion-content-layout-column\" style=\"background-position:left top;background-repeat:no-repeat;-webkit-background-size:cover;-moz-background-size:cover;-o-background-size:cover;background-size:cover;padding: 20px 0px 20px 0px;\"><div style=\"text-align:left;\"><span class=\" fusion-imageframe imageframe-none imageframe-2 hover-type-none\" style=\"margin-bottom:20px;\"><img decoding=\"async\" width=\"600\" height=\"194\" title=\"LOGO_LA BELLE ALLIANCE_07-2020_RVB\" src=\"https:\/\/www.groupegendreau.com\/wp-content\/uploads\/2020\/12\/LOGO_LA-BELLE-ALLIANCE_07-2020_RVB-600x194.png\" class=\"img-responsive wp-image-4785\" srcset=\"https:\/\/www.groupegendreau.com\/wp-content\/uploads\/2020\/12\/LOGO_LA-BELLE-ALLIANCE_07-2020_RVB-200x65.png 200w, https:\/\/www.groupegendreau.com\/wp-content\/uploads\/2020\/12\/LOGO_LA-BELLE-ALLIANCE_07-2020_RVB-400x129.png 400w, https:\/\/www.groupegendreau.com\/wp-content\/uploads\/2020\/12\/LOGO_LA-BELLE-ALLIANCE_07-2020_RVB-600x194.png 600w, https:\/\/www.groupegendreau.com\/wp-content\/uploads\/2020\/12\/LOGO_LA-BELLE-ALLIANCE_07-2020_RVB-800x258.png 800w, https:\/\/www.groupegendreau.com\/wp-content\/uploads\/2020\/12\/LOGO_LA-BELLE-ALLIANCE_07-2020_RVB-1200x387.png 1200w\" sizes=\"(max-width: 640px) 100vw, 800px\" \/><\/span><\/div><div class=\"fusion-text fusion-text-1\"><p>La Belle Alliance, a shipping company created in 2019, brings together the Gendreau cannery, the fish trade and J\u00e9r\u00e9my Chagnolleau, a fisherman. It operates the two pelagic trawlers J\u00e9r\u00e9mi-Simon (built in 1983) and Prom\u00e9th\u00e9e (built in 1981), two 20 metre vessels based in Saint-Gilles-Croix-de-Vie. The assembly allows the two trawlers to remain in their home port and to preserve the port balance, which is largely based on a small number of trawlers of 12 to 20 metres.<\/p>\n<p>It marks the total integration of Gendreau, as a majority shareholder, in the local fishing industry, for a more responsible fishing industry that f<strong>avours a short supply chain, involvement in the economic development of the region and the perpetuation of a small-scale fishing industry.<\/strong><\/p>\n<\/div><\/div><style type=\"text\/css\">.fusion-body .fusion-builder-column-1{width:66.666666666667% !important;margin-top : 0px;margin-bottom : 20px;}.fusion-builder-column-1 > .fusion-column-wrapper {padding-top : 20px !important;padding-right : 0px !important;margin-right : 2.88%;padding-bottom : 20px !important;padding-left : 0px !important;margin-left : 5.76%;}@media only screen and (max-width:1024px) {.fusion-body .fusion-builder-column-1{width:66.666666666667% !important;order : 0;}.fusion-builder-column-1 > .fusion-column-wrapper {margin-right : 2.88%;margin-left : 5.76%;}}@media only screen and (max-width:640px) {.fusion-body .fusion-builder-column-1{width:100% !important;order : 0;}.fusion-builder-column-1 > .fusion-column-wrapper {margin-right : 1.92%;margin-left : 1.92%;}}<\/style><\/div><div class=\"fusion-layout-column fusion_builder_column fusion-builder-column-2 fusion_builder_column_1_1 1_1 fusion-flex-column\"><div class=\"fusion-column-wrapper fusion-flex-justify-content-flex-start fusion-content-layout-column\" style=\"background-position:left top;background-repeat:no-repeat;-webkit-background-size:cover;-moz-background-size:cover;-o-background-size:cover;background-size:cover;padding: 0px 0px 0px 0px;\"><div class=\"fusion-text fusion-text-2\"><p>In addition to the two existing trawls, a project for new boats is underway. A first boat, &#8220;Les Chignolles&#8221; was delivered in October 2020. Its sister ship, &#8220;Papy Chichi&#8221; joined it in February 2021. Both will be sailing the oceans from the 2021 sardine season.<\/p>\n<p>Specialised for sardine fishing, they have been <strong>designed for quality fishing<\/strong> with refrigerated water buffer tanks and storage in containers. They are equipped to immerse the sardines in tanks of 0\u00b0 seawater for immediate cooling of the fish. This is an asset to guarantee the freshness and better quality of the raw material.<\/p>\n<p>Moored in Les Sables d&#8217;Olonne and driven by Vend\u00e9e fishermen, they constitute a new fleet that allows the preservation and support of the local fishing industry.<\/p>\n<\/div><\/div><style type=\"text\/css\">.fusion-body .fusion-builder-column-2{width:100% !important;margin-top : 0px;margin-bottom : 20px;}.fusion-builder-column-2 > .fusion-column-wrapper {padding-top : 0px !important;padding-right : 0px !important;margin-right : 1.92%;padding-bottom : 0px !important;padding-left : 0px !important;margin-left : 1.92%;}@media only screen and (max-width:1024px) {.fusion-body .fusion-builder-column-2{width:100% !important;order : 0;}.fusion-builder-column-2 > .fusion-column-wrapper {margin-right : 1.92%;margin-left : 1.92%;}}@media only screen and (max-width:640px) {.fusion-body .fusion-builder-column-2{width:100% !important;order : 0;}.fusion-builder-column-2 > .fusion-column-wrapper {margin-right : 1.92%;margin-left : 1.92%;}}<\/style><\/div><\/div><style type=\"text\/css\">.fusion-body .fusion-flex-container.fusion-builder-row-1{ padding-top : 0px;margin-top : 0;padding-right : 0px;padding-bottom : 4%;margin-bottom : 0px;padding-left : 0px;}@media only screen and (max-width:640px) {.fusion-body .fusion-flex-container.fusion-builder-row-1{ padding-top : 2%;padding-bottom : 2%;}}<\/style><\/div>\n","protected":false},"excerpt":{"rendered":"","protected":false},"author":2,"featured_media":0,"parent":5949,"menu_order":0,"comment_status":"closed","ping_status":"closed","template":"100-width.php","meta":{"_acf_changed":false,"footnotes":""},"class_list":["post-5929","page","type-page","status-publish","hentry"],"acf":[],"yoast_head":"<!-- This site is optimized with the Yoast SEO plugin v27.4 - https:\/\/yoast.com\/product\/yoast-seo-wordpress\/ -->\n<title>La Belle Alliance - Groupe Gendreau<\/title>\n<meta name=\"robots\" content=\"index, follow, max-snippet:-1, max-image-preview:large, max-video-preview:-1\" \/>\n<link rel=\"canonical\" href=\"https:\/\/www.groupegendreau.com\/en\/les-societes-du-groupe\/la-belle-alliance\/\" \/>\n<meta property=\"og:locale\" content=\"en_US\" \/>\n<meta property=\"og:type\" content=\"article\" \/>\n<meta property=\"og:title\" content=\"La Belle Alliance - Groupe Gendreau\" \/>\n<meta property=\"og:url\" content=\"https:\/\/www.groupegendreau.com\/en\/les-societes-du-groupe\/la-belle-alliance\/\" \/>\n<meta property=\"og:site_name\" content=\"Groupe Gendreau\" \/>\n<meta property=\"article:modified_time\" content=\"2021-11-17T13:52:03+00:00\" \/>\n<meta name=\"twitter:card\" content=\"summary_large_image\" \/>\n<meta name=\"twitter:label1\" content=\"Est. reading time\" \/>\n\t<meta name=\"twitter:data1\" content=\"4 minutes\" \/>\n<script type=\"application\/ld+json\" class=\"yoast-schema-graph\">{\"@context\":\"https:\\\/\\\/schema.org\",\"@graph\":[{\"@type\":\"WebPage\",\"@id\":\"https:\\\/\\\/www.groupegendreau.com\\\/en\\\/les-societes-du-groupe\\\/la-belle-alliance\\\/\",\"url\":\"https:\\\/\\\/www.groupegendreau.com\\\/en\\\/les-societes-du-groupe\\\/la-belle-alliance\\\/\",\"name\":\"La Belle Alliance - Groupe Gendreau\",\"isPartOf\":{\"@id\":\"https:\\\/\\\/www.groupegendreau.com\\\/en\\\/#website\"},\"datePublished\":\"2020-10-22T09:46:05+00:00\",\"dateModified\":\"2021-11-17T13:52:03+00:00\",\"breadcrumb\":{\"@id\":\"https:\\\/\\\/www.groupegendreau.com\\\/en\\\/les-societes-du-groupe\\\/la-belle-alliance\\\/#breadcrumb\"},\"inLanguage\":\"en-US\",\"potentialAction\":[{\"@type\":\"ReadAction\",\"target\":[\"https:\\\/\\\/www.groupegendreau.com\\\/en\\\/les-societes-du-groupe\\\/la-belle-alliance\\\/\"]}]},{\"@type\":\"BreadcrumbList\",\"@id\":\"https:\\\/\\\/www.groupegendreau.com\\\/en\\\/les-societes-du-groupe\\\/la-belle-alliance\\\/#breadcrumb\",\"itemListElement\":[{\"@type\":\"ListItem\",\"position\":1,\"name\":\"Accueil\",\"item\":\"https:\\\/\\\/www.groupegendreau.com\\\/en\\\/\"},{\"@type\":\"ListItem\",\"position\":2,\"name\":\"The Group&rsquo;s companies\",\"item\":\"https:\\\/\\\/www.groupegendreau.com\\\/en\\\/les-societes-du-groupe\\\/\"},{\"@type\":\"ListItem\",\"position\":3,\"name\":\"La Belle Alliance\"}]},{\"@type\":\"WebSite\",\"@id\":\"https:\\\/\\\/www.groupegendreau.com\\\/en\\\/#website\",\"url\":\"https:\\\/\\\/www.groupegendreau.com\\\/en\\\/\",\"name\":\"Groupe Gendreau\",\"description\":\"L&#039;imagination en bo\u00eete\",\"potentialAction\":[{\"@type\":\"SearchAction\",\"target\":{\"@type\":\"EntryPoint\",\"urlTemplate\":\"https:\\\/\\\/www.groupegendreau.com\\\/en\\\/?s={search_term_string}\"},\"query-input\":{\"@type\":\"PropertyValueSpecification\",\"valueRequired\":true,\"valueName\":\"search_term_string\"}}],\"inLanguage\":\"en-US\"}]}<\/script>\n<!-- \/ Yoast SEO plugin. -->","yoast_head_json":{"title":"La Belle Alliance - Groupe Gendreau","robots":{"index":"index","follow":"follow","max-snippet":"max-snippet:-1","max-image-preview":"max-image-preview:large","max-video-preview":"max-video-preview:-1"},"canonical":"https:\/\/www.groupegendreau.com\/en\/les-societes-du-groupe\/la-belle-alliance\/","og_locale":"en_US","og_type":"article","og_title":"La Belle Alliance - Groupe Gendreau","og_url":"https:\/\/www.groupegendreau.com\/en\/les-societes-du-groupe\/la-belle-alliance\/","og_site_name":"Groupe Gendreau","article_modified_time":"2021-11-17T13:52:03+00:00","twitter_card":"summary_large_image","twitter_misc":{"Est. reading time":"4 minutes"},"schema":{"@context":"https:\/\/schema.org","@graph":[{"@type":"WebPage","@id":"https:\/\/www.groupegendreau.com\/en\/les-societes-du-groupe\/la-belle-alliance\/","url":"https:\/\/www.groupegendreau.com\/en\/les-societes-du-groupe\/la-belle-alliance\/","name":"La Belle Alliance - Groupe Gendreau","isPartOf":{"@id":"https:\/\/www.groupegendreau.com\/en\/#website"},"datePublished":"2020-10-22T09:46:05+00:00","dateModified":"2021-11-17T13:52:03+00:00","breadcrumb":{"@id":"https:\/\/www.groupegendreau.com\/en\/les-societes-du-groupe\/la-belle-alliance\/#breadcrumb"},"inLanguage":"en-US","potentialAction":[{"@type":"ReadAction","target":["https:\/\/www.groupegendreau.com\/en\/les-societes-du-groupe\/la-belle-alliance\/"]}]},{"@type":"BreadcrumbList","@id":"https:\/\/www.groupegendreau.com\/en\/les-societes-du-groupe\/la-belle-alliance\/#breadcrumb","itemListElement":[{"@type":"ListItem","position":1,"name":"Accueil","item":"https:\/\/www.groupegendreau.com\/en\/"},{"@type":"ListItem","position":2,"name":"The Group&rsquo;s companies","item":"https:\/\/www.groupegendreau.com\/en\/les-societes-du-groupe\/"},{"@type":"ListItem","position":3,"name":"La Belle Alliance"}]},{"@type":"WebSite","@id":"https:\/\/www.groupegendreau.com\/en\/#website","url":"https:\/\/www.groupegendreau.com\/en\/","name":"Groupe Gendreau","description":"L&#039;imagination en bo\u00eete","potentialAction":[{"@type":"SearchAction","target":{"@type":"EntryPoint","urlTemplate":"https:\/\/www.groupegendreau.com\/en\/?s={search_term_string}"},"query-input":{"@type":"PropertyValueSpecification","valueRequired":true,"valueName":"search_term_string"}}],"inLanguage":"en-US"}]}},"_links":{"self":[{"href":"https:\/\/www.groupegendreau.com\/en\/wp-json\/wp\/v2\/pages\/5929","targetHints":{"allow":["GET"]}}],"collection":[{"href":"https:\/\/www.groupegendreau.com\/en\/wp-json\/wp\/v2\/pages"}],"about":[{"href":"https:\/\/www.groupegendreau.com\/en\/wp-json\/wp\/v2\/types\/page"}],"author":[{"embeddable":true,"href":"https:\/\/www.groupegendreau.com\/en\/wp-json\/wp\/v2\/users\/2"}],"replies":[{"embeddable":true,"href":"https:\/\/www.groupegendreau.com\/en\/wp-json\/wp\/v2\/comments?post=5929"}],"version-history":[{"count":2,"href":"https:\/\/www.groupegendreau.com\/en\/wp-json\/wp\/v2\/pages\/5929\/revisions"}],"predecessor-version":[{"id":7099,"href":"https:\/\/www.groupegendreau.com\/en\/wp-json\/wp\/v2\/pages\/5929\/revisions\/7099"}],"up":[{"embeddable":true,"href":"https:\/\/www.groupegendreau.com\/en\/wp-json\/wp\/v2\/pages\/5949"}],"wp:attachment":[{"href":"https:\/\/www.groupegendreau.com\/en\/wp-json\/wp\/v2\/media?parent=5929"}],"curies":[{"name":"wp","href":"https:\/\/api.w.org\/{rel}","templated":true}]}}